{"id":26,"date":"2022-10-12T21:51:05","date_gmt":"2022-10-12T19:51:05","guid":{"rendered":"https:\/\/maureen-koehler.de\/?page_id=26"},"modified":"2022-10-12T23:02:51","modified_gmt":"2022-10-12T21:02:51","slug":"impressum","status":"publish","type":"page","link":"https:\/\/maureen-koehler.de\/?page_id=26","title":{"rendered":"Impressum"},"content":{"rendered":"\n<style type=\"text\/css\" data-created_by=\"avia_inline_auto\" id=\"style-css-av-1n6qa-03e575604e16f98625942226d3ed45d7\">\n.avia-section.av-1n6qa-03e575604e16f98625942226d3ed45d7{\nbackground-color:#ebe6d4;\nbackground-image:unset;\n}\n<\/style>\n<div id='av_section_1'  class='avia-section av-1n6qa-03e575604e16f98625942226d3ed45d7 main_color avia-section-default avia-no-border-styling  avia-builder-el-0  el_before_av_textblock  avia-builder-el-first  avia-bg-style-scroll container_wrap fullsize'  ><div class='container av-section-cont-open' ><main  role=\"main\" itemprop=\"mainContentOfPage\"  class='template-page content  av-content-full alpha units'><div class='post-entry post-entry-type-page post-entry-26'><div class='entry-content-wrapper clearfix'>\n\n<style type=\"text\/css\" data-created_by=\"avia_inline_auto\" id=\"style-css-av-qfeq-50b6117f2040ea7a02a37c335c89c2dc\">\n#top .av-special-heading.av-qfeq-50b6117f2040ea7a02a37c335c89c2dc{\npadding-bottom:10px;\n}\nbody .av-special-heading.av-qfeq-50b6117f2040ea7a02a37c335c89c2dc .av-special-heading-tag .heading-char{\nfont-size:25px;\n}\n.av-special-heading.av-qfeq-50b6117f2040ea7a02a37c335c89c2dc .av-subheading{\nfont-size:15px;\n}\n<\/style>\n<div  class='av-special-heading av-qfeq-50b6117f2040ea7a02a37c335c89c2dc av-special-heading-h1 blockquote modern-quote  avia-builder-el-1  avia-builder-el-no-sibling '><h1 class='av-special-heading-tag'  itemprop=\"headline\"  >Impressum<\/h1><div class='av-subheading av-subheading_below'><p>Rechtliche Angaben<\/p>\n<\/div><div class=\"special-heading-border\"><div class=\"special-heading-inner-border\"><\/div><\/div><\/div>\n<\/div><\/div><\/main><!-- close content main element --><\/div><\/div><div id='after_section_1'  class='main_color av_default_container_wrap container_wrap fullsize'  ><div class='container av-section-cont-open' ><div class='template-page content  av-content-full alpha units'><div class='post-entry post-entry-type-page post-entry-26'><div class='entry-content-wrapper clearfix'>\n<section  class='av_textblock_section av-2w6q-1d5f2524d682de11518ee19e5f06a6ef'  itemscope=\"itemscope\" itemtype=\"https:\/\/schema.org\/CreativeWork\" ><div class='avia_textblock'  itemprop=\"text\" ><h3>Angaben gem\u00e4\u00df \u00a7 5 TMG<\/h3>\n<p>Maureen K\u00f6hler<br \/>\nPfarrfeldsweg 33a<br \/>\n28279 Bremen<\/p>\n<h3>Kontakt<\/h3>\n<p><span class=\"ctab\">Telefon: +49 176 578 18 721<\/span><br \/>\n<span class=\"ctab\">E-Mail: info@maureen-koehler.de<\/span><\/p>\n<h3>Bildnachweis<\/h3>\n<p>hier kommen die Bildquellen aufgelistet hin<\/p>\n<h3>Inhaltlich Verantwortlicher gem\u00e4\u00df \u00a76 TDG und \u00a7 10 Absatz 3 MDStV:<\/h3>\n<p>Maureen K\u00f6hler (Anschrift siehe oben)<br \/>\nE-Mail: siehe oben<\/p>\n<h3>Haftungshinweis:<\/h3>\n<p>Trotz sorgf\u00e4ltiger inhaltlicher Kontrolle \u00fcbernehmen wir keine Haftung f\u00fcr die Inhalte externer Links. F\u00fcr den Inhalt der verlinkten Seiten sind ausschlie\u00dflich deren Betreiber verantwortlich.<\/p>\n<h3><strong>Gestaltung und Umsetzung der Website<\/strong><\/h3>\n<p>Jan-Philipp K\u00f6hler<\/p>\n<\/div><\/section>\n<\/div><\/div><\/div><!-- close content main div --><\/div><\/div>\n<style type=\"text\/css\" data-created_by=\"avia_inline_auto\" id=\"style-css-av-l961659u-b3c7970dcd1d1f51f0409bd3d8c9b225\">\n.avia-section.av-l961659u-b3c7970dcd1d1f51f0409bd3d8c9b225{\nbackground-color:#4c4c4c;\nbackground-image:unset;\n}\n<\/style>\n<div id='av_section_2'  class='avia-section av-l961659u-b3c7970dcd1d1f51f0409bd3d8c9b225 main_color avia-section-default avia-no-border-styling  avia-builder-el-3  el_after_av_textblock  avia-builder-el-last  avia-bg-style-scroll container_wrap fullsize'  ><div class='container av-section-cont-open' ><div class='template-page content  av-content-full alpha units'><div class='post-entry post-entry-type-page post-entry-26'><div class='entry-content-wrapper clearfix'>\n\n<style type=\"text\/css\" data-created_by=\"avia_inline_auto\" id=\"style-css-av-12p5c-25eda7af65bdd75af1c12b8ce5d8c390\">\n.flex_column.av-12p5c-25eda7af65bdd75af1c12b8ce5d8c390{\n-webkit-border-radius:0px 0px 0px 0px;\n-moz-border-radius:0px 0px 0px 0px;\nborder-radius:0px 0px 0px 0px;\npadding:0px 0px 0px 0px;\n}\n<\/style>\n<div class='flex_column av-12p5c-25eda7af65bdd75af1c12b8ce5d8c390 av_one_third  avia-builder-el-4  el_before_av_one_third  avia-builder-el-first  first flex_column_div av-zero-column-padding '     ><style type=\"text\/css\" data-created_by=\"avia_inline_auto\" id=\"style-css-av-l961q04v-fea811586d0c3a0154de0ec8feb58a7f\">\n.avia-image-container.av-l961q04v-fea811586d0c3a0154de0ec8feb58a7f img.avia_image{\nbox-shadow:none;\n}\n.avia-image-container.av-l961q04v-fea811586d0c3a0154de0ec8feb58a7f .av-image-caption-overlay-center{\ncolor:#ffffff;\n}\n<\/style>\n<div  class='avia-image-container av-l961q04v-fea811586d0c3a0154de0ec8feb58a7f av-styling- avia-align-center  avia-builder-el-5  avia-builder-el-no-sibling '   itemprop=\"image\" itemscope=\"itemscope\" itemtype=\"https:\/\/schema.org\/ImageObject\" ><div class=\"avia-image-container-inner\"><div class=\"avia-image-overlay-wrap\"><img decoding=\"async\" class='wp-image-22 avia-img-lazy-loading-not-22 avia_image ' src=\"https:\/\/maureen-koehler.de\/wp-content\/uploads\/2022\/10\/Maureen-Koehler-3-200x300.jpeg\" alt='' title='Maureen K\u00f6hler 3'  height=\"300\" width=\"200\"  itemprop=\"thumbnailUrl\" srcset=\"https:\/\/maureen-koehler.de\/wp-content\/uploads\/2022\/10\/Maureen-Koehler-3-200x300.jpeg 200w, https:\/\/maureen-koehler.de\/wp-content\/uploads\/2022\/10\/Maureen-Koehler-3-687x1030.jpeg 687w, https:\/\/maureen-koehler.de\/wp-content\/uploads\/2022\/10\/Maureen-Koehler-3-470x705.jpeg 470w, https:\/\/maureen-koehler.de\/wp-content\/uploads\/2022\/10\/Maureen-Koehler-3.jpeg 720w\" sizes=\"(max-width: 200px) 100vw, 200px\" \/><\/div><\/div><\/div><\/div>\n<style type=\"text\/css\" data-created_by=\"avia_inline_auto\" id=\"style-css-av-12p5c-d6f5b9668c52b7a058d5a3fee24f5fcf\">\n.flex_column.av-12p5c-d6f5b9668c52b7a058d5a3fee24f5fcf{\n-webkit-border-radius:0px 0px 0px 0px;\n-moz-border-radius:0px 0px 0px 0px;\nborder-radius:0px 0px 0px 0px;\npadding:0px 0px 0px 0px;\n}\n<\/style>\n<div class='flex_column av-12p5c-d6f5b9668c52b7a058d5a3fee24f5fcf av_one_third  avia-builder-el-6  el_after_av_one_third  el_before_av_one_third  flex_column_div av-zero-column-padding '     ><p>\n<style type=\"text\/css\" data-created_by=\"avia_inline_auto\" id=\"style-css-av-av_heading-2c1b38e44eb7cef6def41e2010d18c1d\">\n#top .av-special-heading.av-av_heading-2c1b38e44eb7cef6def41e2010d18c1d{\npadding-bottom:10px;\ncolor:#ffffff;\n}\nbody .av-special-heading.av-av_heading-2c1b38e44eb7cef6def41e2010d18c1d .av-special-heading-tag .heading-char{\nfont-size:25px;\n}\n.av-special-heading.av-av_heading-2c1b38e44eb7cef6def41e2010d18c1d .special-heading-inner-border{\nborder-color:#ffffff;\n}\n.av-special-heading.av-av_heading-2c1b38e44eb7cef6def41e2010d18c1d .av-subheading{\nfont-size:15px;\n}\n<\/style>\n<div  class='av-special-heading av-av_heading-2c1b38e44eb7cef6def41e2010d18c1d av-special-heading-h3 custom-color-heading blockquote modern-quote  avia-builder-el-7  el_before_av_textblock  avia-builder-el-first '><h3 class='av-special-heading-tag'  itemprop=\"headline\"  >Kontakt<\/h3><div class=\"special-heading-border\"><div class=\"special-heading-inner-border\"><\/div><\/div><\/div><br \/>\n\n<style type=\"text\/css\" data-created_by=\"avia_inline_auto\" id=\"style-css-av-l962te1f-458ae825cc4a2e4627aa957bd3eca376\">\n#top .av_textblock_section.av-l962te1f-458ae825cc4a2e4627aa957bd3eca376 .avia_textblock{\ncolor:#ffffff;\n}\n<\/style>\n<section  class='av_textblock_section av-l962te1f-458ae825cc4a2e4627aa957bd3eca376'  itemscope=\"itemscope\" itemtype=\"https:\/\/schema.org\/CreativeWork\" ><div class='avia_textblock av_inherit_color'  itemprop=\"text\" ><p><strong>Maureen K\u00f6hler<\/strong><\/p>\n<p><strong>Telefon: <a href=\"tel:+4917657818721\">+49 176 578 18 721<\/a><\/strong><\/p>\n<p><strong>E-Mail: <a href=\"mailto:info@maureen-koehler.de\">info@maureen-koehler.de<\/a><\/strong><\/p>\n<\/div><\/section><\/p><\/div>\n<style type=\"text\/css\" data-created_by=\"avia_inline_auto\" id=\"style-css-av-12p5c-d6f5b9668c52b7a058d5a3fee24f5fcf\">\n.flex_column.av-12p5c-d6f5b9668c52b7a058d5a3fee24f5fcf{\n-webkit-border-radius:0px 0px 0px 0px;\n-moz-border-radius:0px 0px 0px 0px;\nborder-radius:0px 0px 0px 0px;\npadding:0px 0px 0px 0px;\n}\n<\/style>\n<div class='flex_column av-12p5c-d6f5b9668c52b7a058d5a3fee24f5fcf av_one_third  avia-builder-el-9  el_after_av_one_third  avia-builder-el-last  flex_column_div av-zero-column-padding '     ><p>\n<style type=\"text\/css\" data-created_by=\"avia_inline_auto\" id=\"style-css-av-av_heading-d8d2156172c9a7e3eaaeb6ef07efe886\">\n#top .av-special-heading.av-av_heading-d8d2156172c9a7e3eaaeb6ef07efe886{\npadding-bottom:10px;\ncolor:#ffffff;\n}\nbody .av-special-heading.av-av_heading-d8d2156172c9a7e3eaaeb6ef07efe886 .av-special-heading-tag .heading-char{\nfont-size:25px;\n}\n.av-special-heading.av-av_heading-d8d2156172c9a7e3eaaeb6ef07efe886 .special-heading-inner-border{\nborder-color:#ffffff;\n}\n.av-special-heading.av-av_heading-d8d2156172c9a7e3eaaeb6ef07efe886 .av-subheading{\nfont-size:15px;\n}\n<\/style>\n<div  class='av-special-heading av-av_heading-d8d2156172c9a7e3eaaeb6ef07efe886 av-special-heading-h3 custom-color-heading blockquote modern-quote  avia-builder-el-10  el_before_av_textblock  avia-builder-el-first '><h3 class='av-special-heading-tag'  itemprop=\"headline\"  >Angebote<\/h3><div class=\"special-heading-border\"><div class=\"special-heading-inner-border\"><\/div><\/div><\/div><br \/>\n\n<style type=\"text\/css\" data-created_by=\"avia_inline_auto\" id=\"style-css-av-l962te1f-458ae825cc4a2e4627aa957bd3eca376\">\n#top .av_textblock_section.av-l962te1f-458ae825cc4a2e4627aa957bd3eca376 .avia_textblock{\ncolor:#ffffff;\n}\n<\/style>\n<section  class='av_textblock_section av-l962te1f-458ae825cc4a2e4627aa957bd3eca376'  itemscope=\"itemscope\" itemtype=\"https:\/\/schema.org\/CreativeWork\" ><div class='avia_textblock av_inherit_color'  itemprop=\"text\" ><p><strong><a href=\"https:\/\/maureen-koehler.de\/ausbildungsberatung\/\">Ausbildungsberatung<\/a><\/strong><\/p>\n<p><strong><a href=\"https:\/\/maureen-koehler.de\/bewerbungstraining\/\">Bewerbungstraining<\/a><\/strong><\/p>\n<p><strong><a href=\"https:\/\/maureen-koehler.de\/malibu\/\">Malibu<\/a><\/strong><\/p>\n<\/div><\/section><\/p><\/div>\n","protected":false},"excerpt":{"rendered":"","protected":false},"author":1,"featured_media":0,"parent":0,"menu_order":0,"comment_status":"closed","ping_status":"closed","template":"","meta":{"footnotes":""},"class_list":["post-26","page","type-page","status-publish","hentry"],"_links":{"self":[{"href":"https:\/\/maureen-koehler.de\/index.php?rest_route=\/wp\/v2\/pages\/26","targetHints":{"allow":["GET"]}}],"collection":[{"href":"https:\/\/maureen-koehler.de\/index.php?rest_route=\/wp\/v2\/pages"}],"about":[{"href":"https:\/\/maureen-koehler.de\/index.php?rest_route=\/wp\/v2\/types\/page"}],"author":[{"embeddable":true,"href":"https:\/\/maureen-koehler.de\/index.php?rest_route=\/wp\/v2\/users\/1"}],"replies":[{"embeddable":true,"href":"https:\/\/maureen-koehler.de\/index.php?rest_route=%2Fwp%2Fv2%2Fcomments&post=26"}],"version-history":[{"count":9,"href":"https:\/\/maureen-koehler.de\/index.php?rest_route=\/wp\/v2\/pages\/26\/revisions"}],"predecessor-version":[{"id":85,"href":"https:\/\/maureen-koehler.de\/index.php?rest_route=\/wp\/v2\/pages\/26\/revisions\/85"}],"wp:attachment":[{"href":"https:\/\/maureen-koehler.de\/index.php?rest_route=%2Fwp%2Fv2%2Fmedia&parent=26"}],"curies":[{"name":"wp","href":"https:\/\/api.w.org\/{rel}","templated":true}]}}